{"id":301,"date":"2026-05-07T10:43:11","date_gmt":"2026-05-07T08:43:11","guid":{"rendered":"http:\/\/konyvelofelkeszito.hu\/wordpress\/?page_id=301"},"modified":"2026-05-07T13:10:51","modified_gmt":"2026-05-07T11:10:51","slug":"minimalber-garantalt-berminimum","status":"publish","type":"page","link":"http:\/\/konyvelofelkeszito.hu\/wordpress\/minimalber-garantalt-berminimum\/","title":{"rendered":"Minim\u00e1lb\u00e9r \u00e9s garant\u00e1lt b\u00e9rminimum 2026"},"content":{"rendered":"\t\t<div data-elementor-type=\"wp-page\" data-elementor-id=\"301\" class=\"elementor elementor-301\">\n\t\t\t\t<div class=\"elementor-element elementor-element-ae48f8d e-flex e-con-boxed e-con e-parent\" data-id=\"ae48f8d\" data-element_type=\"container\" data-e-type=\"container\">\n\t\t\t\t\t<div class=\"e-con-inner\">\n\t\t\t\t<div class=\"elementor-element elementor-element-76a98dc elementor-widget elementor-widget-heading\" data-id=\"76a98dc\" data-element_type=\"widget\" data-e-type=\"widget\" data-widget_type=\"heading.default\">\n\t\t\t\t\t<h1 class=\"elementor-heading-title elementor-size-default\">MINIM\u00c1LB\u00c9R \u00c9S GARANT\u00c1LT B\u00c9RMINIMUM<\/h1>\t\t\t\t<\/div>\n\t\t\t\t\t<\/div>\n\t\t\t\t<\/div>\n\t\t<div class=\"elementor-element elementor-element-d9a9d28 e-flex e-con-boxed e-con e-parent\" data-id=\"d9a9d28\" data-element_type=\"container\" data-e-type=\"container\">\n\t\t\t\t\t<div class=\"e-con-inner\">\n\t\t\t\t<div class=\"elementor-element elementor-element-508f77a elementor-widget elementor-widget-heading\" data-id=\"508f77a\" data-element_type=\"widget\" data-e-type=\"widget\" data-widget_type=\"heading.default\">\n\t\t\t\t\t<h2 class=\"elementor-heading-title elementor-size-default\">Minim\u00e1lb\u00e9r 2026-ban<\/h2>\t\t\t\t<\/div>\n\t\t\t\t\t<\/div>\n\t\t\t\t<\/div>\n\t\t<div class=\"elementor-element elementor-element-432c206 e-flex e-con-boxed e-con e-parent\" data-id=\"432c206\" data-element_type=\"container\" data-e-type=\"container\">\n\t\t\t\t\t<div class=\"e-con-inner\">\n\t\t\t\t<div class=\"elementor-element elementor-element-2654d5c elementor-widget elementor-widget-text-editor\" data-id=\"2654d5c\" data-element_type=\"widget\" data-e-type=\"widget\" data-widget_type=\"text-editor.default\">\n\t\t\t\t\t\t\t\t\t<p data-start=\"0\" data-end=\"407\">A <strong>minim\u00e1lb\u00e9r<\/strong> a teljes munkaid\u0151ben foglalkoztatott, valamennyi munkav\u00e1llal\u00f3 eset\u00e9ben a k\u00f6telez\u0151 legkisebb munkab\u00e9r.<\/p><p data-start=\"0\" data-end=\"407\">A minim\u00e1lb\u00e9r havi \u00f6sszege 2026-ban: <strong data-start=\"201\" data-end=\"230\">brutt\u00f3 322.800 Ft<\/strong>.<\/p>\t\t\t\t\t\t\t\t<\/div>\n\t\t\t\t\t<\/div>\n\t\t\t\t<\/div>\n\t\t<div class=\"elementor-element elementor-element-ed13180 e-flex e-con-boxed e-con e-parent\" data-id=\"ed13180\" data-element_type=\"container\" data-e-type=\"container\">\n\t\t\t\t\t<div class=\"e-con-inner\">\n\t\t\t\t<div class=\"elementor-element elementor-element-f593949 elementor-widget elementor-widget-heading\" data-id=\"f593949\" data-element_type=\"widget\" data-e-type=\"widget\" data-widget_type=\"heading.default\">\n\t\t\t\t\t<h2 class=\"elementor-heading-title elementor-size-default\">Garant\u00e1lt b\u00e9rminimum 2026-ban<\/h2>\t\t\t\t<\/div>\n\t\t\t\t\t<\/div>\n\t\t\t\t<\/div>\n\t\t<div class=\"elementor-element elementor-element-f8a9572 e-flex e-con-boxed e-con e-parent\" data-id=\"f8a9572\" data-element_type=\"container\" data-e-type=\"container\">\n\t\t\t\t\t<div class=\"e-con-inner\">\n\t\t\t\t<div class=\"elementor-element elementor-element-b7085d2 elementor-widget elementor-widget-text-editor\" data-id=\"b7085d2\" data-element_type=\"widget\" data-e-type=\"widget\" data-widget_type=\"text-editor.default\">\n\t\t\t\t\t\t\t\t\t<p data-start=\"0\" data-end=\"407\">A garant\u00e1lt b\u00e9rminimum a szakk\u00e9pzetts\u00e9get vagy k\u00f6z\u00e9pfok\u00fa v\u00e9gzetts\u00e9get ig\u00e9nyl\u0151 munkak\u00f6r\u00f6kben fizetett legkisebb \u00f6sszeg.<\/p><p data-start=\"0\" data-end=\"407\">A garant\u00e1lt b\u00e9rminimum havi \u00f6sszege 2026-ban: <strong data-start=\"339\" data-end=\"368\">brutt\u00f3 373.200 Ft<\/strong>.<\/p>\t\t\t\t\t\t\t\t<\/div>\n\t\t\t\t\t<\/div>\n\t\t\t\t<\/div>\n\t\t\t\t<\/div>\n\t\t","protected":false},"excerpt":{"rendered":"<p>MINIM\u00c1LB\u00c9R \u00c9S GARANT\u00c1LT B\u00c9RMINIMUM Minim\u00e1lb\u00e9r 2026-ban A minim\u00e1lb\u00e9r a teljes munkaid\u0151ben foglalkoztatott, valamennyi munkav\u00e1llal\u00f3 eset\u00e9ben a k\u00f6telez\u0151 legkisebb munkab\u00e9r. A minim\u00e1lb\u00e9r havi \u00f6sszege 2026-ban: brutt\u00f3&hellip;<\/p>\n","protected":false},"author":1,"featured_media":0,"parent":0,"menu_order":0,"comment_status":"closed","ping_status":"closed","template":"","meta":{"_themeisle_gutenberg_block_has_review":false,"footnotes":""},"class_list":["post-301","page","type-page","status-publish","hentry"],"yoast_head":"<!-- This site is optimized with the Yoast SEO plugin v27.5 - https:\/\/yoast.com\/product\/yoast-seo-wordpress\/ -->\n<title>Minim\u00e1lb\u00e9r \u00e9s garant\u00e1lt b\u00e9rminimum 2026 - K\u00f6nyvel\u0151 felk\u00e9sz\u00edt\u0151<\/title>\n<meta name=\"robots\" content=\"noindex, follow, max-snippet:-1, max-image-preview:large, max-video-preview:-1\" \/>\n<meta property=\"og:locale\" content=\"hu_HU\" \/>\n<meta property=\"og:type\" content=\"article\" \/>\n<meta property=\"og:title\" content=\"Minim\u00e1lb\u00e9r \u00e9s garant\u00e1lt b\u00e9rminimum 2026 - K\u00f6nyvel\u0151 felk\u00e9sz\u00edt\u0151\" \/>\n<meta property=\"og:description\" content=\"MINIM\u00c1LB\u00c9R \u00c9S GARANT\u00c1LT B\u00c9RMINIMUM Minim\u00e1lb\u00e9r 2026-ban A minim\u00e1lb\u00e9r a teljes munkaid\u0151ben foglalkoztatott, valamennyi munkav\u00e1llal\u00f3 eset\u00e9ben a k\u00f6telez\u0151 legkisebb munkab\u00e9r. A minim\u00e1lb\u00e9r havi \u00f6sszege 2026-ban: brutt\u00f3&hellip;\" \/>\n<meta property=\"og:url\" content=\"http:\/\/konyvelofelkeszito.hu\/wordpress\/minimalber-garantalt-berminimum\/\" \/>\n<meta property=\"og:site_name\" content=\"K\u00f6nyvel\u0151 felk\u00e9sz\u00edt\u0151\" \/>\n<meta property=\"article:modified_time\" content=\"2026-05-07T11:10:51+00:00\" \/>\n<meta name=\"twitter:card\" content=\"summary_large_image\" \/>\n<meta name=\"twitter:label1\" content=\"Becs\u00fclt olvas\u00e1si id\u0151\" \/>\n\t<meta name=\"twitter:data1\" content=\"1 perc\" \/>\n<script type=\"application\/ld+json\" class=\"yoast-schema-graph\">{\"@context\":\"https:\\\/\\\/schema.org\",\"@graph\":[{\"@type\":\"WebPage\",\"@id\":\"http:\\\/\\\/konyvelofelkeszito.hu\\\/wordpress\\\/minimalber-garantalt-berminimum\\\/\",\"url\":\"http:\\\/\\\/konyvelofelkeszito.hu\\\/wordpress\\\/minimalber-garantalt-berminimum\\\/\",\"name\":\"Minim\u00e1lb\u00e9r \u00e9s garant\u00e1lt b\u00e9rminimum 2026 - K\u00f6nyvel\u0151 felk\u00e9sz\u00edt\u0151\",\"isPartOf\":{\"@id\":\"http:\\\/\\\/konyvelofelkeszito.hu\\\/wordpress\\\/#website\"},\"datePublished\":\"2026-05-07T08:43:11+00:00\",\"dateModified\":\"2026-05-07T11:10:51+00:00\",\"breadcrumb\":{\"@id\":\"http:\\\/\\\/konyvelofelkeszito.hu\\\/wordpress\\\/minimalber-garantalt-berminimum\\\/#breadcrumb\"},\"inLanguage\":\"hu\",\"potentialAction\":[{\"@type\":\"ReadAction\",\"target\":[\"http:\\\/\\\/konyvelofelkeszito.hu\\\/wordpress\\\/minimalber-garantalt-berminimum\\\/\"]}]},{\"@type\":\"BreadcrumbList\",\"@id\":\"http:\\\/\\\/konyvelofelkeszito.hu\\\/wordpress\\\/minimalber-garantalt-berminimum\\\/#breadcrumb\",\"itemListElement\":[{\"@type\":\"ListItem\",\"position\":1,\"name\":\"Kezd\u0151lap\",\"item\":\"http:\\\/\\\/konyvelofelkeszito.hu\\\/wordpress\\\/\"},{\"@type\":\"ListItem\",\"position\":2,\"name\":\"Minim\u00e1lb\u00e9r \u00e9s garant\u00e1lt b\u00e9rminimum 2026\"}]},{\"@type\":\"WebSite\",\"@id\":\"http:\\\/\\\/konyvelofelkeszito.hu\\\/wordpress\\\/#website\",\"url\":\"http:\\\/\\\/konyvelofelkeszito.hu\\\/wordpress\\\/\",\"name\":\"K\u00f6nyvel\u0151 felk\u00e9sz\u00edt\u0151\",\"description\":\"\",\"potentialAction\":[{\"@type\":\"SearchAction\",\"target\":{\"@type\":\"EntryPoint\",\"urlTemplate\":\"http:\\\/\\\/konyvelofelkeszito.hu\\\/wordpress\\\/?s={search_term_string}\"},\"query-input\":{\"@type\":\"PropertyValueSpecification\",\"valueRequired\":true,\"valueName\":\"search_term_string\"}}],\"inLanguage\":\"hu\"}]}<\/script>\n<!-- \/ Yoast SEO plugin. -->","yoast_head_json":{"title":"Minim\u00e1lb\u00e9r \u00e9s garant\u00e1lt b\u00e9rminimum 2026 - K\u00f6nyvel\u0151 felk\u00e9sz\u00edt\u0151","robots":{"index":"noindex","follow":"follow","max-snippet":"max-snippet:-1","max-image-preview":"max-image-preview:large","max-video-preview":"max-video-preview:-1"},"og_locale":"hu_HU","og_type":"article","og_title":"Minim\u00e1lb\u00e9r \u00e9s garant\u00e1lt b\u00e9rminimum 2026 - K\u00f6nyvel\u0151 felk\u00e9sz\u00edt\u0151","og_description":"MINIM\u00c1LB\u00c9R \u00c9S GARANT\u00c1LT B\u00c9RMINIMUM Minim\u00e1lb\u00e9r 2026-ban A minim\u00e1lb\u00e9r a teljes munkaid\u0151ben foglalkoztatott, valamennyi munkav\u00e1llal\u00f3 eset\u00e9ben a k\u00f6telez\u0151 legkisebb munkab\u00e9r. A minim\u00e1lb\u00e9r havi \u00f6sszege 2026-ban: brutt\u00f3&hellip;","og_url":"http:\/\/konyvelofelkeszito.hu\/wordpress\/minimalber-garantalt-berminimum\/","og_site_name":"K\u00f6nyvel\u0151 felk\u00e9sz\u00edt\u0151","article_modified_time":"2026-05-07T11:10:51+00:00","twitter_card":"summary_large_image","twitter_misc":{"Becs\u00fclt olvas\u00e1si id\u0151":"1 perc"},"schema":{"@context":"https:\/\/schema.org","@graph":[{"@type":"WebPage","@id":"http:\/\/konyvelofelkeszito.hu\/wordpress\/minimalber-garantalt-berminimum\/","url":"http:\/\/konyvelofelkeszito.hu\/wordpress\/minimalber-garantalt-berminimum\/","name":"Minim\u00e1lb\u00e9r \u00e9s garant\u00e1lt b\u00e9rminimum 2026 - K\u00f6nyvel\u0151 felk\u00e9sz\u00edt\u0151","isPartOf":{"@id":"http:\/\/konyvelofelkeszito.hu\/wordpress\/#website"},"datePublished":"2026-05-07T08:43:11+00:00","dateModified":"2026-05-07T11:10:51+00:00","breadcrumb":{"@id":"http:\/\/konyvelofelkeszito.hu\/wordpress\/minimalber-garantalt-berminimum\/#breadcrumb"},"inLanguage":"hu","potentialAction":[{"@type":"ReadAction","target":["http:\/\/konyvelofelkeszito.hu\/wordpress\/minimalber-garantalt-berminimum\/"]}]},{"@type":"BreadcrumbList","@id":"http:\/\/konyvelofelkeszito.hu\/wordpress\/minimalber-garantalt-berminimum\/#breadcrumb","itemListElement":[{"@type":"ListItem","position":1,"name":"Kezd\u0151lap","item":"http:\/\/konyvelofelkeszito.hu\/wordpress\/"},{"@type":"ListItem","position":2,"name":"Minim\u00e1lb\u00e9r \u00e9s garant\u00e1lt b\u00e9rminimum 2026"}]},{"@type":"WebSite","@id":"http:\/\/konyvelofelkeszito.hu\/wordpress\/#website","url":"http:\/\/konyvelofelkeszito.hu\/wordpress\/","name":"K\u00f6nyvel\u0151 felk\u00e9sz\u00edt\u0151","description":"","potentialAction":[{"@type":"SearchAction","target":{"@type":"EntryPoint","urlTemplate":"http:\/\/konyvelofelkeszito.hu\/wordpress\/?s={search_term_string}"},"query-input":{"@type":"PropertyValueSpecification","valueRequired":true,"valueName":"search_term_string"}}],"inLanguage":"hu"}]}},"_links":{"self":[{"href":"http:\/\/konyvelofelkeszito.hu\/wordpress\/wp-json\/wp\/v2\/pages\/301","targetHints":{"allow":["GET"]}}],"collection":[{"href":"http:\/\/konyvelofelkeszito.hu\/wordpress\/wp-json\/wp\/v2\/pages"}],"about":[{"href":"http:\/\/konyvelofelkeszito.hu\/wordpress\/wp-json\/wp\/v2\/types\/page"}],"author":[{"embeddable":true,"href":"http:\/\/konyvelofelkeszito.hu\/wordpress\/wp-json\/wp\/v2\/users\/1"}],"replies":[{"embeddable":true,"href":"http:\/\/konyvelofelkeszito.hu\/wordpress\/wp-json\/wp\/v2\/comments?post=301"}],"version-history":[{"count":27,"href":"http:\/\/konyvelofelkeszito.hu\/wordpress\/wp-json\/wp\/v2\/pages\/301\/revisions"}],"predecessor-version":[{"id":384,"href":"http:\/\/konyvelofelkeszito.hu\/wordpress\/wp-json\/wp\/v2\/pages\/301\/revisions\/384"}],"wp:attachment":[{"href":"http:\/\/konyvelofelkeszito.hu\/wordpress\/wp-json\/wp\/v2\/media?parent=301"}],"curies":[{"name":"wp","href":"https:\/\/api.w.org\/{rel}","templated":true}]}}